{"id":15737,"date":"2026-04-06T05:50:31","date_gmt":"2026-04-06T04:50:31","guid":{"rendered":"https:\/\/grillcentrum.shop\/gree\/produkt\/wertykulator-spalinowy-cedrus-wr01-h-550km-40cm-2w1-aerator-z-regulacja\/"},"modified":"2026-04-11T02:22:22","modified_gmt":"2026-04-11T01:22:22","slug":"wertykulator-spalinowy-cedrus-wr01-h-550km-40cm-2w1-aerator-z-regulacja","status":"publish","type":"product","link":"https:\/\/qulvako.shop\/grill\/produkt\/wertykulator-spalinowy-cedrus-wr01-h-550km-40cm-2w1-aerator-z-regulacja\/","title":{"rendered":"WERTYKULATOR SPALINOWY CEDRUS WR01-H 5,50KM 40CM 2w1 AERATOR Z REGULACJ\u0104"},"content":{"rendered":"<div style=\"font-family: Arial, sans-serif; line-height: 1.6; color: #333; padding: 20px; clear: both; display: block; width: 100%; float: none; position: static; overflow: hidden;\">\n<div style=\"clear: both; display: block; margin: 10px 0;\">\n<div style=\"clear: both; display: block; margin: 10px 0;\">\n<div style=\"clear: both; display: block; margin: 10px 0;\">\n<h1>WERTYKULATOR SPALINOWY CEDRUS WR01-H 5,50KM 40CM 2w1 AERATOR Z REGULACJ\u0104<\/h1>\n<\/div>\n<\/div>\n<\/div>\n<div style=\"clear: both; display: block; margin: 10px 0;\">\n<div style=\"clear: both; display: block; margin: 10px 0;\">\n<div style=\"clear: both; display: block; margin: 10px 0;\">\n<div  style=\"max-width:2144px;max-height:892px\">\n<div style=\"clear: both; display: block; margin: 10px 0;\">\n<div style=\"clear: both; width: 100%; display: block; margin: 20px 0; padding: 0; float: none; position: static; text-align: center;\"><img decoding=\"async\"  src=\"https:\/\/a.allegroimg.com\/original\/1115f6\/bd261af547259c9bb5659340b94f\/WERTYKULATOR-SPALINOWY-CEDRUS-WR01-H-5-50KM-40CM-2w1-AERATOR-Z-REGULACJA-Waga-produktu-z-opakowaniem-jednostkowym-40-kg\" srcset=\"https:\/\/a.allegroimg.com\/original\/1115f6\/bd261af547259c9bb5659340b94f\/WERTYKULATOR-SPALINOWY-CEDRUS-WR01-H-5-50KM-40CM-2w1-AERATOR-Z-REGULACJA-Waga-produktu-z-opakowaniem-jednostkowym-40-kg 360w,https:\/\/a.allegroimg.com\/original\/1115f6\/bd261af547259c9bb5659340b94f\/WERTYKULATOR-SPALINOWY-CEDRUS-WR01-H-5-50KM-40CM-2w1-AERATOR-Z-REGULACJA-Waga-produktu-z-opakowaniem-jednostkowym-40-kg 720w,https:\/\/a.allegroimg.com\/original\/1115f6\/bd261af547259c9bb5659340b94f\/WERTYKULATOR-SPALINOWY-CEDRUS-WR01-H-5-50KM-40CM-2w1-AERATOR-Z-REGULACJA-Waga-produktu-z-opakowaniem-jednostkowym-40-kg 1024w,https:\/\/a.allegroimg.com\/original\/1115f6\/bd261af547259c9bb5659340b94f\/WERTYKULATOR-SPALINOWY-CEDRUS-WR01-H-5-50KM-40CM-2w1-AERATOR-Z-REGULACJA-Waga-produktu-z-opakowaniem-jednostkowym-40-kg 1440w,https:\/\/a.allegroimg.com\/original\/1115f6\/bd261af547259c9bb5659340b94f\/WERTYKULATOR-SPALINOWY-CEDRUS-WR01-H-5-50KM-40CM-2w1-AERATOR-Z-REGULACJA-Waga-produktu-z-opakowaniem-jednostkowym-40-kg 2144w\" sizes=\"100vw\" width=\"2144px\" alt=\"WERTYKULATOR SPALINOWY CEDRUS WR01-H 5,50KM 40CM 2w1 AERATOR Z REGULACJ\u0104 Waga produktu z opakowaniem jednostkowym 40 kg\" style=\"max-width: 100%; height: auto; display: block; margin: 0 auto;\"><\/div>\n<\/div>\n<\/div>\n<\/div>\n<\/div>\n<\/div>\n<div style=\"clear: both; display: block; margin: 10px 0;\">\n<div style=\"clear: both; display: block; margin: 10px 0;\">\n<div style=\"clear: both; display: block; margin: 10px 0;\">\n<p style=\"margin: 15px 0; line-height: 1.8; clear: both; display: block; width: 100%; float: none; position: static;\">\u27a1\ufe0f Aerator \/ Wertykulator spalinowy nap\u0119dzany jest wydajnym silnikiem spalinowym&nbsp;<b>Honda GP200<\/b> o pojemno\u015bci <b>196cm3<\/b>, wyposa\u017cony zosta\u0142 w dwa wymienne wa\u0142ki robocze.<\/p>\n<p style=\"margin: 15px 0; line-height: 1.8; clear: both; display: block; width: 100%; float: none; position: static;\">\u27a1\ufe0f Urz\u0105dzenie dzi\u0119ki <b>dw\u00f3m osobnym wa\u0142kom<\/b>&nbsp;pozwala przeprowadzi\u0107 aeracj\u0119 i wertykulacj\u0119 oddzielnie, co pozwala Pa\u0144stwu na jeszcze bardziej precyzyjn\u0105 prac\u0119 przy piel\u0119gnacji trawnika.<\/p>\n<p style=\"margin: 15px 0; line-height: 1.8; clear: both; display: block; width: 100%; float: none; position: static;\">\u27a1\ufe0f <b>Wertykulacj\u0119<\/b> wykonujemy g\u0142\u00f3wnie <b>wiosn\u0105 i jesieni\u0105<\/b>, natomiast <b>aeracja to proces kt\u00f3ry mo\u017cna wykonywa\u0107 cz\u0119\u015bciej,<\/b> mo\u017cliwo\u015b\u0107 rozdzielenia tych czynno\u015bci to du\u017ca zaleta naszego urz\u0105dzenia.<\/p>\n<\/div>\n<\/div>\n<\/div>\n<div style=\"clear: both; display: block; margin: 10px 0;\">\n<div style=\"clear: both; display: block; margin: 10px 0;\">\n<div style=\"clear: both; display: block; margin: 10px 0;\">\n<div  style=\"max-width:1300px;max-height:1530px\">\n<div style=\"clear: both; display: block; margin: 10px 0;\">\n<div style=\"clear: both; width: 100%; display: block; margin: 20px 0; padding: 0; float: none; position: static; text-align: center;\"><img decoding=\"async\"  src=\"https:\/\/a.allegroimg.com\/original\/11760d\/b543314342d19f39e570b5737193\/WERTYKULATOR-SPALINOWY-CEDRUS-WR01-H-5-50KM-40CM-2w1-AERATOR-Z-REGULACJA-Certyfikaty-zgodnosci-CE\" srcset=\"https:\/\/a.allegroimg.com\/original\/11760d\/b543314342d19f39e570b5737193\/WERTYKULATOR-SPALINOWY-CEDRUS-WR01-H-5-50KM-40CM-2w1-AERATOR-Z-REGULACJA-Certyfikaty-zgodnosci-CE 305w,https:\/\/a.allegroimg.com\/original\/11760d\/b543314342d19f39e570b5737193\/WERTYKULATOR-SPALINOWY-CEDRUS-WR01-H-5-50KM-40CM-2w1-AERATOR-Z-REGULACJA-Certyfikaty-zgodnosci-CE 611w,https:\/\/a.allegroimg.com\/original\/11760d\/b543314342d19f39e570b5737193\/WERTYKULATOR-SPALINOWY-CEDRUS-WR01-H-5-50KM-40CM-2w1-AERATOR-Z-REGULACJA-Certyfikaty-zgodnosci-CE 870w,https:\/\/a.allegroimg.com\/original\/11760d\/b543314342d19f39e570b5737193\/WERTYKULATOR-SPALINOWY-CEDRUS-WR01-H-5-50KM-40CM-2w1-AERATOR-Z-REGULACJA-Certyfikaty-zgodnosci-CE 1223w,https:\/\/a.allegroimg.com\/original\/11760d\/b543314342d19f39e570b5737193\/WERTYKULATOR-SPALINOWY-CEDRUS-WR01-H-5-50KM-40CM-2w1-AERATOR-Z-REGULACJA-Certyfikaty-zgodnosci-CE 1300w\" sizes=\"(min-width: 1200px) 560px, (min-width: 992px) 50vw, 100vw\" width=\"1300px\" alt=\"WERTYKULATOR SPALINOWY CEDRUS WR01-H 5,50KM 40CM 2w1 AERATOR Z REGULACJ\u0104 Certyfikaty zgodno\u015bci CE\" style=\"max-width: 100%; height: auto; display: block; margin: 0 auto;\"><\/div>\n<\/div>\n<\/div>\n<\/div>\n<\/div>\n<div style=\"clear: both; display: block; margin: 10px 0;\">\n<div style=\"clear: both; display: block; margin: 10px 0;\">\n<h2>\u27a1\ufe0f Wertykulacja<\/h2>\n<p style=\"margin: 15px 0; line-height: 1.8; clear: both; display: block; width: 100%; float: none; position: static;\">To<b> proces nacinania darni w celu usuni\u0119cia starej darni. <\/b>Nacinanie trawnika zapewnia lepszy dop\u0142yw powietrza, wody i sk\u0142adnik\u00f3w od\u017cywczych. Wp\u0142ywa to korzystnie na rozw\u00f3j systemu korzeniowego ro\u015blin.<\/p>\n<h2>\u27a1\ufe0f Aeracja<\/h2>\n<p style=\"margin: 15px 0; line-height: 1.8; clear: both; display: block; width: 100%; float: none; position: static;\"><b>G\u0142\u0119bokie nak\u0142uwanie trawnika kolcami maj\u0105ce na celu rozlu\u017anienie i napowietrzenie gleby.<\/b> Pod wp\u0142ywem aeracji korzenie trawy staj\u0105 si\u0119 silniejsze, a dar\u0144 wyr\u00f3wnuje si\u0119. Zabieg ten znacznie przyspiesza regeneracj\u0119 trawnika po zimie.<\/p>\n<h2>\u27a1\ufe0f POJEMNY I WYTRZYMA\u0141Y KOSZ<\/h2>\n<p style=\"margin: 15px 0; line-height: 1.8; clear: both; display: block; width: 100%; float: none; position: static;\"><b>Poszycie kosza&nbsp;wykonane jest z wytrzyma\u0142ego materia\u0142u<\/b>, odpornego&nbsp;na warunki atmosferyczne i dzia\u0142anie enzym\u00f3w ro\u015blinnych.<\/p>\n<\/div>\n<\/div>\n<\/div>\n<div style=\"clear: both; display: block; margin: 10px 0;\">\n<div style=\"clear: both; display: block; margin: 10px 0;\">\n<div style=\"clear: both; display: block; margin: 10px 0;\">\n<div  style=\"max-width:1300px;max-height:1304px\">\n<div style=\"clear: both; display: block; margin: 10px 0;\">\n<div style=\"clear: both; width: 100%; display: block; margin: 20px 0; padding: 0; float: none; position: static; text-align: center;\"><img decoding=\"async\"  src=\"https:\/\/a.allegroimg.com\/original\/113f22\/49de58bc415480530d5632840e07\/WERTYKULATOR-SPALINOWY-CEDRUS-WR01-H-5-50KM-40CM-2w1-AERATOR-Z-REGULACJA-EAN-GTIN-5903228183003\" srcset=\"https:\/\/a.allegroimg.com\/original\/113f22\/49de58bc415480530d5632840e07\/WERTYKULATOR-SPALINOWY-CEDRUS-WR01-H-5-50KM-40CM-2w1-AERATOR-Z-REGULACJA-EAN-GTIN-5903228183003 358w,https:\/\/a.allegroimg.com\/original\/113f22\/49de58bc415480530d5632840e07\/WERTYKULATOR-SPALINOWY-CEDRUS-WR01-H-5-50KM-40CM-2w1-AERATOR-Z-REGULACJA-EAN-GTIN-5903228183003 717w,https:\/\/a.allegroimg.com\/original\/113f22\/49de58bc415480530d5632840e07\/WERTYKULATOR-SPALINOWY-CEDRUS-WR01-H-5-50KM-40CM-2w1-AERATOR-Z-REGULACJA-EAN-GTIN-5903228183003 1020w,https:\/\/a.allegroimg.com\/original\/113f22\/49de58bc415480530d5632840e07\/WERTYKULATOR-SPALINOWY-CEDRUS-WR01-H-5-50KM-40CM-2w1-AERATOR-Z-REGULACJA-EAN-GTIN-5903228183003 1300w,https:\/\/a.allegroimg.com\/original\/113f22\/49de58bc415480530d5632840e07\/WERTYKULATOR-SPALINOWY-CEDRUS-WR01-H-5-50KM-40CM-2w1-AERATOR-Z-REGULACJA-EAN-GTIN-5903228183003 1300w\" sizes=\"(min-width: 1200px) 560px, (min-width: 992px) 50vw, 100vw\" width=\"1300px\" alt=\"WERTYKULATOR SPALINOWY CEDRUS WR01-H 5,50KM 40CM 2w1 AERATOR Z REGULACJ\u0104 EAN (GTIN) 5903228183003\" style=\"max-width: 100%; height: auto; display: block; margin: 0 auto;\"><\/div>\n<\/div>\n<\/div>\n<\/div>\n<\/div>\n<div style=\"clear: both; display: block; margin: 10px 0;\">\n<div style=\"clear: both; display: block; margin: 10px 0;\">\n<h2>\u2699\ufe0f&nbsp;DANE TECHNICZNE:<\/h2>\n<ul style=\"margin: 15px 0; padding-left: 20px; clear: both; display: block; width: 100%; float: none; position: static;\">\n<li style=\"margin: 5px 0; padding: 2px 0; clear: both; display: list-item; float: none; position: static;\"><b>Model:<\/b> CEDWR01-H<\/li>\n<li style=\"margin: 5px 0; padding: 2px 0; clear: both; display: list-item; float: none; position: static;\"><b>Typ silnika:<\/b> wa\u0142 poziomy<\/li>\n<li style=\"margin: 5px 0; padding: 2px 0; clear: both; display: list-item; float: none; position: static;\"><b>Pojemno\u015b\u0107 silnika:<\/b> 196 cm3<\/li>\n<li style=\"margin: 5px 0; padding: 2px 0; clear: both; display: list-item; float: none; position: static;\"><b>Moc znamionowa:<\/b> 4,3kW ( 5.8KM )<\/li>\n<li style=\"margin: 5px 0; padding: 2px 0; clear: both; display: list-item; float: none; position: static;\"><b>Obroty robocze:<\/b> 3400 obr\/min<\/li>\n<li style=\"margin: 5px 0; padding: 2px 0; clear: both; display: list-item; float: none; position: static;\"><b>Pojemno\u015b\u0107 kosza:<\/b> 45L<\/li>\n<li style=\"margin: 5px 0; padding: 2px 0; clear: both; display: list-item; float: none; position: static;\"><b>Szeroko\u015b\u0107 robocza:<\/b> 400mm<\/li>\n<li style=\"margin: 5px 0; padding: 2px 0; clear: both; display: list-item; float: none; position: static;\"><b>Uk\u0142ad tn\u0105cy:<\/b> 2w1 wa\u0142ek z no\u017cami, wa\u0142ek ze spr\u0119\u017cynami<\/li>\n<li style=\"margin: 5px 0; padding: 2px 0; clear: both; display: list-item; float: none; position: static;\"><b>Regulacja g\u0142\u0119boko\u015bci roboczej:<\/b> 5-15mm<\/li>\n<li style=\"margin: 5px 0; padding: 2px 0; clear: both; display: list-item; float: none; position: static;\"><b>Moc akustyczna robocza:<\/b> 99dB(A)<\/li>\n<\/ul>\n<\/div>\n<\/div>\n<\/div>\n<div style=\"clear: both; display: block; margin: 10px 0;\">\n<div style=\"clear: both; display: block; margin: 10px 0;\">\n<div style=\"clear: both; display: block; margin: 10px 0;\">\n<div  style=\"max-width:1080px;max-height:1080px\">\n<div style=\"clear: both; display: block; margin: 10px 0;\">\n<div style=\"clear: both; width: 100%; display: block; margin: 20px 0; padding: 0; float: none; position: static; text-align: center;\"><img decoding=\"async\"  src=\"https:\/\/a.allegroimg.com\/original\/118e00\/e871b9314fe49fbb59b9f4ae8805\/WERTYKULATOR-SPALINOWY-CEDRUS-WR01-H-5-50KM-40CM-2w1-AERATOR-Z-REGULACJA-Moc-silnika-spalinowego-5-5-KM\" srcset=\"https:\/\/a.allegroimg.com\/original\/118e00\/e871b9314fe49fbb59b9f4ae8805\/WERTYKULATOR-SPALINOWY-CEDRUS-WR01-H-5-50KM-40CM-2w1-AERATOR-Z-REGULACJA-Moc-silnika-spalinowego-5-5-KM 360w,https:\/\/a.allegroimg.com\/original\/118e00\/e871b9314fe49fbb59b9f4ae8805\/WERTYKULATOR-SPALINOWY-CEDRUS-WR01-H-5-50KM-40CM-2w1-AERATOR-Z-REGULACJA-Moc-silnika-spalinowego-5-5-KM 720w,https:\/\/a.allegroimg.com\/original\/118e00\/e871b9314fe49fbb59b9f4ae8805\/WERTYKULATOR-SPALINOWY-CEDRUS-WR01-H-5-50KM-40CM-2w1-AERATOR-Z-REGULACJA-Moc-silnika-spalinowego-5-5-KM 1024w,https:\/\/a.allegroimg.com\/original\/118e00\/e871b9314fe49fbb59b9f4ae8805\/WERTYKULATOR-SPALINOWY-CEDRUS-WR01-H-5-50KM-40CM-2w1-AERATOR-Z-REGULACJA-Moc-silnika-spalinowego-5-5-KM 1080w,https:\/\/a.allegroimg.com\/original\/118e00\/e871b9314fe49fbb59b9f4ae8805\/WERTYKULATOR-SPALINOWY-CEDRUS-WR01-H-5-50KM-40CM-2w1-AERATOR-Z-REGULACJA-Moc-silnika-spalinowego-5-5-KM 1080w\" sizes=\"(min-width: 1200px) 560px, (min-width: 992px) 50vw, 100vw\" width=\"1080px\" alt=\"WERTYKULATOR SPALINOWY CEDRUS WR01-H 5,50KM 40CM 2w1 AERATOR Z REGULACJ\u0104 Moc silnika spalinowego 5.5 KM\" style=\"max-width: 100%; height: auto; display: block; margin: 0 auto;\"><\/div>\n<\/div>\n<\/div>\n<\/div>\n<\/div>\n<div style=\"clear: both; display: block; margin: 10px 0;\">\n<div style=\"clear: both; display: block; margin: 10px 0;\">\n<div  style=\"max-width:1080px;max-height:1080px\">\n<div style=\"clear: both; display: block; margin: 10px 0;\">\n<div style=\"clear: both; width: 100%; display: block; margin: 20px 0; padding: 0; float: none; position: static; text-align: center;\"><img decoding=\"async\"  src=\"https:\/\/a.allegroimg.com\/original\/111f34\/49d97d064024a73cce3774167808\/WERTYKULATOR-SPALINOWY-CEDRUS-WR01-H-5-50KM-40CM-2w1-AERATOR-Z-REGULACJA-Moc-silnika-4800-W\" srcset=\"https:\/\/a.allegroimg.com\/original\/111f34\/49d97d064024a73cce3774167808\/WERTYKULATOR-SPALINOWY-CEDRUS-WR01-H-5-50KM-40CM-2w1-AERATOR-Z-REGULACJA-Moc-silnika-4800-W 360w,https:\/\/a.allegroimg.com\/original\/111f34\/49d97d064024a73cce3774167808\/WERTYKULATOR-SPALINOWY-CEDRUS-WR01-H-5-50KM-40CM-2w1-AERATOR-Z-REGULACJA-Moc-silnika-4800-W 720w,https:\/\/a.allegroimg.com\/original\/111f34\/49d97d064024a73cce3774167808\/WERTYKULATOR-SPALINOWY-CEDRUS-WR01-H-5-50KM-40CM-2w1-AERATOR-Z-REGULACJA-Moc-silnika-4800-W 1024w,https:\/\/a.allegroimg.com\/original\/111f34\/49d97d064024a73cce3774167808\/WERTYKULATOR-SPALINOWY-CEDRUS-WR01-H-5-50KM-40CM-2w1-AERATOR-Z-REGULACJA-Moc-silnika-4800-W 1080w,https:\/\/a.allegroimg.com\/original\/111f34\/49d97d064024a73cce3774167808\/WERTYKULATOR-SPALINOWY-CEDRUS-WR01-H-5-50KM-40CM-2w1-AERATOR-Z-REGULACJA-Moc-silnika-4800-W 1080w\" sizes=\"(min-width: 1200px) 560px, (min-width: 992px) 50vw, 100vw\" width=\"1080px\" alt=\"WERTYKULATOR SPALINOWY CEDRUS WR01-H 5,50KM 40CM 2w1 AERATOR Z REGULACJ\u0104 Moc silnika 4800 W\" style=\"max-width: 100%; height: auto; display: block; margin: 0 auto;\"><\/div>\n<\/div>\n<\/div>\n<\/div>\n<\/div>\n<\/div>\n<div style=\"clear: both; display: block; margin: 10px 0;\">\n<div style=\"clear: both; display: block; margin: 10px 0;\">\n<div style=\"clear: both; display: block; margin: 10px 0;\">\n<div  style=\"max-width:1200px;max-height:965px\">\n<div style=\"clear: both; display: block; margin: 10px 0;\">\n<div style=\"clear: both; width: 100%; display: block; margin: 20px 0; padding: 0; float: none; position: static; text-align: center;\"><img decoding=\"async\"  src=\"https:\/\/a.allegroimg.com\/original\/11ae54\/364ffd504688be4a95d57e4625e6\/WERTYKULATOR-SPALINOWY-CEDRUS-WR01-H-5-50KM-40CM-2w1-AERATOR-Z-REGULACJA-Glebokosc-robocza-max-15-mm\" srcset=\"https:\/\/a.allegroimg.com\/original\/11ae54\/364ffd504688be4a95d57e4625e6\/WERTYKULATOR-SPALINOWY-CEDRUS-WR01-H-5-50KM-40CM-2w1-AERATOR-Z-REGULACJA-Glebokosc-robocza-max-15-mm 360w,https:\/\/a.allegroimg.com\/original\/11ae54\/364ffd504688be4a95d57e4625e6\/WERTYKULATOR-SPALINOWY-CEDRUS-WR01-H-5-50KM-40CM-2w1-AERATOR-Z-REGULACJA-Glebokosc-robocza-max-15-mm 720w,https:\/\/a.allegroimg.com\/original\/11ae54\/364ffd504688be4a95d57e4625e6\/WERTYKULATOR-SPALINOWY-CEDRUS-WR01-H-5-50KM-40CM-2w1-AERATOR-Z-REGULACJA-Glebokosc-robocza-max-15-mm 1024w,https:\/\/a.allegroimg.com\/original\/11ae54\/364ffd504688be4a95d57e4625e6\/WERTYKULATOR-SPALINOWY-CEDRUS-WR01-H-5-50KM-40CM-2w1-AERATOR-Z-REGULACJA-Glebokosc-robocza-max-15-mm 1200w,https:\/\/a.allegroimg.com\/original\/11ae54\/364ffd504688be4a95d57e4625e6\/WERTYKULATOR-SPALINOWY-CEDRUS-WR01-H-5-50KM-40CM-2w1-AERATOR-Z-REGULACJA-Glebokosc-robocza-max-15-mm 1200w\" sizes=\"(min-width: 1200px) 560px, (min-width: 992px) 50vw, 100vw\" width=\"1200px\" alt=\"WERTYKULATOR SPALINOWY CEDRUS WR01-H 5,50KM 40CM 2w1 AERATOR Z REGULACJ\u0104 G\u0142\u0119boko\u015b\u0107 robocza max 15 mm\" style=\"max-width: 100%; height: auto; display: block; margin: 0 auto;\"><\/div>\n<\/div>\n<\/div>\n<\/div>\n<\/div>\n<div style=\"clear: both; display: block; margin: 10px 0;\">\n<div style=\"clear: both; display: block; margin: 10px 0;\">\n<div  style=\"max-width:1200px;max-height:978px\">\n<div style=\"clear: both; display: block; margin: 10px 0;\">\n<div style=\"clear: both; width: 100%; display: block; margin: 20px 0; padding: 0; float: none; position: static; text-align: center;\"><img decoding=\"async\"  src=\"https:\/\/a.allegroimg.com\/original\/11787f\/618a53d34c0b9d734b396661e074\/WERTYKULATOR-SPALINOWY-CEDRUS-WR01-H-5-50KM-40CM-2w1-AERATOR-Z-REGULACJA-Regulacja-glebokosci-roboczej-z-regulacja\" srcset=\"https:\/\/a.allegroimg.com\/original\/11787f\/618a53d34c0b9d734b396661e074\/WERTYKULATOR-SPALINOWY-CEDRUS-WR01-H-5-50KM-40CM-2w1-AERATOR-Z-REGULACJA-Regulacja-glebokosci-roboczej-z-regulacja 360w,https:\/\/a.allegroimg.com\/original\/11787f\/618a53d34c0b9d734b396661e074\/WERTYKULATOR-SPALINOWY-CEDRUS-WR01-H-5-50KM-40CM-2w1-AERATOR-Z-REGULACJA-Regulacja-glebokosci-roboczej-z-regulacja 720w,https:\/\/a.allegroimg.com\/original\/11787f\/618a53d34c0b9d734b396661e074\/WERTYKULATOR-SPALINOWY-CEDRUS-WR01-H-5-50KM-40CM-2w1-AERATOR-Z-REGULACJA-Regulacja-glebokosci-roboczej-z-regulacja 1024w,https:\/\/a.allegroimg.com\/original\/11787f\/618a53d34c0b9d734b396661e074\/WERTYKULATOR-SPALINOWY-CEDRUS-WR01-H-5-50KM-40CM-2w1-AERATOR-Z-REGULACJA-Regulacja-glebokosci-roboczej-z-regulacja 1200w,https:\/\/a.allegroimg.com\/original\/11787f\/618a53d34c0b9d734b396661e074\/WERTYKULATOR-SPALINOWY-CEDRUS-WR01-H-5-50KM-40CM-2w1-AERATOR-Z-REGULACJA-Regulacja-glebokosci-roboczej-z-regulacja 1200w\" sizes=\"(min-width: 1200px) 560px, (min-width: 992px) 50vw, 100vw\" width=\"1200px\" alt=\"WERTYKULATOR SPALINOWY CEDRUS WR01-H 5,50KM 40CM 2w1 AERATOR Z REGULACJ\u0104 Regulacja g\u0142\u0119boko\u015bci roboczej z regulacj\u0105\" style=\"max-width: 100%; height: auto; display: block; margin: 0 auto;\"><\/div>\n<\/div>\n<\/div>\n<\/div>\n<\/div>\n<\/div>\n<div style=\"clear: both; display: block; margin: 10px 0;\">\n<div style=\"clear: both; display: block; margin: 10px 0;\">\n<div style=\"clear: both; display: block; margin: 10px 0;\">\n<div  style=\"max-width:1300px;max-height:1300px\">\n<div style=\"clear: both; display: block; margin: 10px 0;\">\n<div style=\"clear: both; width: 100%; display: block; margin: 20px 0; padding: 0; float: none; position: static; text-align: center;\"><img decoding=\"async\"  src=\"https:\/\/a.allegroimg.com\/original\/110bd2\/681b0979475a9f635f2b618be7a4\/WERTYKULATOR-SPALINOWY-CEDRUS-WR01-H-5-50KM-40CM-2w1-AERATOR-Z-REGULACJA\" srcset=\"https:\/\/a.allegroimg.com\/original\/110bd2\/681b0979475a9f635f2b618be7a4\/WERTYKULATOR-SPALINOWY-CEDRUS-WR01-H-5-50KM-40CM-2w1-AERATOR-Z-REGULACJA 360w,https:\/\/a.allegroimg.com\/original\/110bd2\/681b0979475a9f635f2b618be7a4\/WERTYKULATOR-SPALINOWY-CEDRUS-WR01-H-5-50KM-40CM-2w1-AERATOR-Z-REGULACJA 720w,https:\/\/a.allegroimg.com\/original\/110bd2\/681b0979475a9f635f2b618be7a4\/WERTYKULATOR-SPALINOWY-CEDRUS-WR01-H-5-50KM-40CM-2w1-AERATOR-Z-REGULACJA 1024w,https:\/\/a.allegroimg.com\/original\/110bd2\/681b0979475a9f635f2b618be7a4\/WERTYKULATOR-SPALINOWY-CEDRUS-WR01-H-5-50KM-40CM-2w1-AERATOR-Z-REGULACJA 1300w,https:\/\/a.allegroimg.com\/original\/110bd2\/681b0979475a9f635f2b618be7a4\/WERTYKULATOR-SPALINOWY-CEDRUS-WR01-H-5-50KM-40CM-2w1-AERATOR-Z-REGULACJA 1300w\" sizes=\"100vw\" width=\"1300px\" alt=\"WERTYKULATOR SPALINOWY CEDRUS WR01-H 5,50KM 40CM 2w1 AERATOR Z REGULACJ\u0104\" style=\"max-width: 100%; height: auto; display: block; margin: 0 auto;\"><\/div>\n<\/div>\n<\/div>\n<\/div>\n<\/div>\n<\/div>\n<\/div>\n<\/div>\n<\/div>\n<div style=\"clear: both; display: block; margin: 10px 0;\">\n","protected":false},"excerpt":{"rendered":"<p>WERTYKULATOR SPALINOWY CEDRUS WR01-H 5,50KM 40CM 2w1 AERATOR Z REGULACJ\u0104<\/p>\n<p>\u27a1\ufe0f Aerator \/ Wertykulator spalinowy nap\u0119dzany jest wydajnym silnikiem spalinowym&nbsp;Honda GP200 o pojemno\u015bci 196cm3, wyposa\u017cony zosta\u0142 w dwa wymienne wa\u0142ki robocze.<\/p>\n<p>\u27a1\ufe0f Urz\u0105dzenie dzi\u0119ki dw\u00f3m osobnym wa\u0142kom&nbsp;pozwala przeprowadzi\u0107 aeracj\u0119 i wertykulacj\u0119 oddzielnie, co pozwala Pa\u0144stwu na jeszcze bardziej precyzyjn\u0105 prac\u0119 przy piel\u0119gnacji trawnika.<\/p>\n","protected":false},"featured_media":15738,"template":"","meta":{"_uag_custom_page_level_css":""},"product_brand":[907],"product_cat":[866,541,870],"product_tag":[],"class_list":{"0":"post-15737","1":"product","2":"type-product","3":"status-publish","4":"has-post-thumbnail","6":"product_brand-cedrus","7":"product_cat-narzedzia-ogrodnicze","8":"product_cat-ogrod","9":"product_cat-wertykulatory-i-aeratory","11":"first","12":"instock","13":"sale","14":"shipping-taxable","15":"purchasable","16":"product-type-simple"},"uagb_featured_image_src":{"full":["https:\/\/qulvako.shop\/grill\/wp-content\/uploads\/2026\/04\/allegro-image-15737.jpg",1300,1300,false],"thumbnail":["https:\/\/qulvako.shop\/grill\/wp-content\/uploads\/2026\/04\/allegro-image-15737-150x150.jpg",150,150,true],"medium":["https:\/\/qulvako.shop\/grill\/wp-content\/uploads\/2026\/04\/allegro-image-15737-300x300.jpg",300,300,true],"medium_large":["https:\/\/qulvako.shop\/grill\/wp-content\/uploads\/2026\/04\/allegro-image-15737-768x768.jpg",768,768,true],"large":["https:\/\/qulvako.shop\/grill\/wp-content\/uploads\/2026\/04\/allegro-image-15737-1024x1024.jpg",1024,1024,true],"1536x1536":["https:\/\/qulvako.shop\/grill\/wp-content\/uploads\/2026\/04\/allegro-image-15737.jpg",1300,1300,false],"2048x2048":["https:\/\/qulvako.shop\/grill\/wp-content\/uploads\/2026\/04\/allegro-image-15737.jpg",1300,1300,false],"woocommerce_thumbnail":["https:\/\/qulvako.shop\/grill\/wp-content\/uploads\/2026\/04\/allegro-image-15737-300x300.jpg",300,300,true],"woocommerce_single":["https:\/\/qulvako.shop\/grill\/wp-content\/uploads\/2026\/04\/allegro-image-15737-600x600.jpg",600,600,true],"woocommerce_gallery_thumbnail":["https:\/\/qulvako.shop\/grill\/wp-content\/uploads\/2026\/04\/allegro-image-15737-100x100.jpg",100,100,true]},"uagb_author_info":{"display_name":"admin","author_link":"https:\/\/qulvako.shop\/grill\/author\/"},"uagb_comment_info":0,"uagb_excerpt":"WERTYKULATOR SPALINOWY CEDRUS WR01-H 5,50KM 40CM 2w1 AERATOR Z REGULACJ\u0104 \u27a1\ufe0f Aerator \/ Wertykulator spalinowy nap\u0119dzany jest wydajnym silnikiem spalinowym&nbsp;Honda GP200 o pojemno\u015bci 196cm3, wyposa\u017cony zosta\u0142 w dwa wymienne wa\u0142ki robocze. \u27a1\ufe0f Urz\u0105dzenie dzi\u0119ki dw\u00f3m osobnym wa\u0142kom&nbsp;pozwala przeprowadzi\u0107 aeracj\u0119 i wertykulacj\u0119 oddzielnie, co pozwala Pa\u0144stwu na jeszcze bardziej precyzyjn\u0105 prac\u0119 przy piel\u0119gnacji trawnika.","_links":{"self":[{"href":"https:\/\/qulvako.shop\/grill\/wp-json\/wp\/v2\/product\/15737","targetHints":{"allow":["GET"]}}],"collection":[{"href":"https:\/\/qulvako.shop\/grill\/wp-json\/wp\/v2\/product"}],"about":[{"href":"https:\/\/qulvako.shop\/grill\/wp-json\/wp\/v2\/types\/product"}],"wp:featuredmedia":[{"embeddable":true,"href":"https:\/\/qulvako.shop\/grill\/wp-json\/wp\/v2\/media\/15738"}],"wp:attachment":[{"href":"https:\/\/qulvako.shop\/grill\/wp-json\/wp\/v2\/media?parent=15737"}],"wp:term":[{"taxonomy":"product_brand","embeddable":true,"href":"https:\/\/qulvako.shop\/grill\/wp-json\/wp\/v2\/product_brand?post=15737"},{"taxonomy":"product_cat","embeddable":true,"href":"https:\/\/qulvako.shop\/grill\/wp-json\/wp\/v2\/product_cat?post=15737"},{"taxonomy":"product_tag","embeddable":true,"href":"https:\/\/qulvako.shop\/grill\/wp-json\/wp\/v2\/product_tag?post=15737"}],"curies":[{"name":"wp","href":"https:\/\/api.w.org\/{rel}","templated":true}]}}